{"id":1407,"date":"2025-03-19T20:21:44","date_gmt":"2025-03-20T01:21:44","guid":{"rendered":"https:\/\/varuaspa.co\/?post_type=product&#038;p=1407"},"modified":"2026-03-06T20:27:27","modified_gmt":"2026-03-07T01:27:27","slug":"plan-de-amigas-jacuzzi","status":"publish","type":"product","link":"https:\/\/varuaspa.co\/en\/product\/plan-de-amigas-jacuzzi\/","title":{"rendered":"Plan de amigas especial"},"content":{"rendered":"<p>Incluye:<\/p>\n<ul>\n<li><span style=\"font-weight: 400;\">Masaje de relajaci\u00f3n\u00a0<\/span><\/li>\n<li><span style=\"font-weight: 400;\">Reflexoterapia<\/span><\/li>\n<li><span style=\"font-weight: 400;\">Aromaterapia<\/span><\/li>\n<li><span style=\"font-weight: 400;\">Musicoterapia<\/span><\/li>\n<li><span style=\"font-weight: 400;\">Mascarilla de hidrataci\u00f3n<\/span><\/li>\n<li><span style=\"font-weight: 400;\">Copa de vino<\/span><\/li>\n<li><span style=\"font-weight: 400;\">Snack<\/span><\/li>\n<li><span style=\"font-weight: 400;\">Zona h\u00fameda (Jacuzzi)<\/span><\/li>\n<\/ul>\n<p><b>Duraci\u00f3n:<\/b><span style=\"font-weight: 400;\"> 1 hora y 50 minutos<\/span><\/p>","protected":false},"excerpt":{"rendered":"<p>Incluye: Masaje de relajaci\u00f3n\u00a0 Reflexoterapia Aromaterapia Musicoterapia Mascarilla de hidrataci\u00f3n Copa de vino Snack Zona h\u00fameda (Jacuzzi) Duraci\u00f3n: 1 hora y 50 minutos<\/p>","protected":false},"featured_media":135,"template":"","meta":{"_acf_changed":false,"_joinchat":[]},"product_brand":[],"product_cat":[23],"product_tag":[],"class_list":{"0":"post-1407","1":"product","2":"type-product","3":"status-publish","4":"has-post-thumbnail","6":"product_cat-planes","8":"first","9":"instock","10":"shipping-taxable","11":"purchasable","12":"product-type-simple"},"acf":[],"yoast_head":"<!-- This site is optimized with the Yoast SEO plugin v27.4 - https:\/\/yoast.com\/product\/yoast-seo-wordpress\/ -->\n<title>Plan de amigas especial - VARU\u00c1 SPA<\/title>\n<meta name=\"robots\" content=\"index, follow, max-snippet:-1, max-image-preview:large, max-video-preview:-1\" \/>\n<link rel=\"canonical\" href=\"https:\/\/varuaspa.co\/en\/product\/plan-de-amigas-jacuzzi\/\" \/>\n<meta property=\"og:locale\" content=\"en_US\" \/>\n<meta property=\"og:type\" content=\"article\" \/>\n<meta property=\"og:title\" content=\"Plan de amigas especial - VARU\u00c1 SPA\" \/>\n<meta property=\"og:description\" content=\"Incluye: Masaje de relajaci\u00f3n\u00a0 Reflexoterapia Aromaterapia Musicoterapia Mascarilla de hidrataci\u00f3n Copa de vino Snack Zona h\u00fameda (Jacuzzi) Duraci\u00f3n: 1 hora y 50 minutos\" \/>\n<meta property=\"og:url\" content=\"https:\/\/varuaspa.co\/en\/product\/plan-de-amigas-jacuzzi\/\" \/>\n<meta property=\"og:site_name\" content=\"VARU\u00c1 SPA\" \/>\n<meta property=\"article:modified_time\" content=\"2026-03-07T01:27:27+00:00\" \/>\n<meta property=\"og:image\" content=\"https:\/\/varuaspa.co\/wp-content\/uploads\/2023\/04\/two-young-beautiful-women-relaxing-enjoying-spa-center.png\" \/>\n\t<meta property=\"og:image:width\" content=\"690\" \/>\n\t<meta property=\"og:image:height\" content=\"669\" \/>\n\t<meta property=\"og:image:type\" content=\"image\/png\" \/>\n<meta name=\"twitter:card\" content=\"summary_large_image\" \/>\n<meta name=\"twitter:label1\" content=\"Est. reading time\" \/>\n\t<meta name=\"twitter:data1\" content=\"1 minute\" \/>\n<script type=\"application\/ld+json\" class=\"yoast-schema-graph\">{\"@context\":\"https:\\\/\\\/schema.org\",\"@graph\":[{\"@type\":\"WebPage\",\"@id\":\"https:\\\/\\\/varuaspa.co\\\/producto\\\/plan-de-amigas-jacuzzi\\\/\",\"url\":\"https:\\\/\\\/varuaspa.co\\\/producto\\\/plan-de-amigas-jacuzzi\\\/\",\"name\":\"Plan de amigas especial - VARU\u00c1 SPA\",\"isPartOf\":{\"@id\":\"https:\\\/\\\/varuaspa.co\\\/#website\"},\"primaryImageOfPage\":{\"@id\":\"https:\\\/\\\/varuaspa.co\\\/producto\\\/plan-de-amigas-jacuzzi\\\/#primaryimage\"},\"image\":{\"@id\":\"https:\\\/\\\/varuaspa.co\\\/producto\\\/plan-de-amigas-jacuzzi\\\/#primaryimage\"},\"thumbnailUrl\":\"https:\\\/\\\/varuaspa.co\\\/wp-content\\\/uploads\\\/2023\\\/04\\\/two-young-beautiful-women-relaxing-enjoying-spa-center.png\",\"datePublished\":\"2025-03-20T01:21:44+00:00\",\"dateModified\":\"2026-03-07T01:27:27+00:00\",\"breadcrumb\":{\"@id\":\"https:\\\/\\\/varuaspa.co\\\/producto\\\/plan-de-amigas-jacuzzi\\\/#breadcrumb\"},\"inLanguage\":\"en-US\",\"potentialAction\":[{\"@type\":\"ReadAction\",\"target\":[\"https:\\\/\\\/varuaspa.co\\\/producto\\\/plan-de-amigas-jacuzzi\\\/\"]}]},{\"@type\":\"ImageObject\",\"inLanguage\":\"en-US\",\"@id\":\"https:\\\/\\\/varuaspa.co\\\/producto\\\/plan-de-amigas-jacuzzi\\\/#primaryimage\",\"url\":\"https:\\\/\\\/varuaspa.co\\\/wp-content\\\/uploads\\\/2023\\\/04\\\/two-young-beautiful-women-relaxing-enjoying-spa-center.png\",\"contentUrl\":\"https:\\\/\\\/varuaspa.co\\\/wp-content\\\/uploads\\\/2023\\\/04\\\/two-young-beautiful-women-relaxing-enjoying-spa-center.png\",\"width\":690,\"height\":669,\"caption\":\"Masajes para hombres 12\"},{\"@type\":\"BreadcrumbList\",\"@id\":\"https:\\\/\\\/varuaspa.co\\\/producto\\\/plan-de-amigas-jacuzzi\\\/#breadcrumb\",\"itemListElement\":[{\"@type\":\"ListItem\",\"position\":1,\"name\":\"Portada\",\"item\":\"https:\\\/\\\/varuaspa.co\\\/\"},{\"@type\":\"ListItem\",\"position\":2,\"name\":\"Tienda\",\"item\":\"https:\\\/\\\/varuaspa.co\\\/tienda\\\/\"},{\"@type\":\"ListItem\",\"position\":3,\"name\":\"Plan de amigas especial\"}]},{\"@type\":\"WebSite\",\"@id\":\"https:\\\/\\\/varuaspa.co\\\/#website\",\"url\":\"https:\\\/\\\/varuaspa.co\\\/\",\"name\":\"VARU\u00c1 SPA\",\"description\":\"Massage, Waxing, facial and more...\",\"publisher\":{\"@id\":\"https:\\\/\\\/varuaspa.co\\\/#organization\"},\"potentialAction\":[{\"@type\":\"SearchAction\",\"target\":{\"@type\":\"EntryPoint\",\"urlTemplate\":\"https:\\\/\\\/varuaspa.co\\\/?s={search_term_string}\"},\"query-input\":{\"@type\":\"PropertyValueSpecification\",\"valueRequired\":true,\"valueName\":\"search_term_string\"}}],\"inLanguage\":\"en-US\"},{\"@type\":\"Organization\",\"@id\":\"https:\\\/\\\/varuaspa.co\\\/#organization\",\"name\":\"VARU\u00c1 SPA\",\"url\":\"https:\\\/\\\/varuaspa.co\\\/\",\"logo\":{\"@type\":\"ImageObject\",\"inLanguage\":\"en-US\",\"@id\":\"https:\\\/\\\/varuaspa.co\\\/#\\\/schema\\\/logo\\\/image\\\/\",\"url\":\"https:\\\/\\\/varuaspa.co\\\/wp-content\\\/uploads\\\/2024\\\/06\\\/cropped-Diseno-sin-titulo-59-1.png\",\"contentUrl\":\"https:\\\/\\\/varuaspa.co\\\/wp-content\\\/uploads\\\/2024\\\/06\\\/cropped-Diseno-sin-titulo-59-1.png\",\"width\":350,\"height\":100,\"caption\":\"VARU\u00c1 SPA\"},\"image\":{\"@id\":\"https:\\\/\\\/varuaspa.co\\\/#\\\/schema\\\/logo\\\/image\\\/\"},\"sameAs\":[\"https:\\\/\\\/www.instagram.com\\\/varuaspa_la70\"]}]}<\/script>\n<!-- \/ Yoast SEO plugin. -->","yoast_head_json":{"title":"Plan de amigas especial - VARU\u00c1 SPA","robots":{"index":"index","follow":"follow","max-snippet":"max-snippet:-1","max-image-preview":"max-image-preview:large","max-video-preview":"max-video-preview:-1"},"canonical":"https:\/\/varuaspa.co\/en\/product\/plan-de-amigas-jacuzzi\/","og_locale":"en_US","og_type":"article","og_title":"Plan de amigas especial - VARU\u00c1 SPA","og_description":"Incluye: Masaje de relajaci\u00f3n\u00a0 Reflexoterapia Aromaterapia Musicoterapia Mascarilla de hidrataci\u00f3n Copa de vino Snack Zona h\u00fameda (Jacuzzi) Duraci\u00f3n: 1 hora y 50 minutos","og_url":"https:\/\/varuaspa.co\/en\/product\/plan-de-amigas-jacuzzi\/","og_site_name":"VARU\u00c1 SPA","article_modified_time":"2026-03-07T01:27:27+00:00","og_image":[{"width":690,"height":669,"url":"https:\/\/varuaspa.co\/wp-content\/uploads\/2023\/04\/two-young-beautiful-women-relaxing-enjoying-spa-center.png","type":"image\/png"}],"twitter_card":"summary_large_image","twitter_misc":{"Est. reading time":"1 minute"},"schema":{"@context":"https:\/\/schema.org","@graph":[{"@type":"WebPage","@id":"https:\/\/varuaspa.co\/producto\/plan-de-amigas-jacuzzi\/","url":"https:\/\/varuaspa.co\/producto\/plan-de-amigas-jacuzzi\/","name":"Plan de amigas especial - VARU\u00c1 SPA","isPartOf":{"@id":"https:\/\/varuaspa.co\/#website"},"primaryImageOfPage":{"@id":"https:\/\/varuaspa.co\/producto\/plan-de-amigas-jacuzzi\/#primaryimage"},"image":{"@id":"https:\/\/varuaspa.co\/producto\/plan-de-amigas-jacuzzi\/#primaryimage"},"thumbnailUrl":"https:\/\/varuaspa.co\/wp-content\/uploads\/2023\/04\/two-young-beautiful-women-relaxing-enjoying-spa-center.png","datePublished":"2025-03-20T01:21:44+00:00","dateModified":"2026-03-07T01:27:27+00:00","breadcrumb":{"@id":"https:\/\/varuaspa.co\/producto\/plan-de-amigas-jacuzzi\/#breadcrumb"},"inLanguage":"en-US","potentialAction":[{"@type":"ReadAction","target":["https:\/\/varuaspa.co\/producto\/plan-de-amigas-jacuzzi\/"]}]},{"@type":"ImageObject","inLanguage":"en-US","@id":"https:\/\/varuaspa.co\/producto\/plan-de-amigas-jacuzzi\/#primaryimage","url":"https:\/\/varuaspa.co\/wp-content\/uploads\/2023\/04\/two-young-beautiful-women-relaxing-enjoying-spa-center.png","contentUrl":"https:\/\/varuaspa.co\/wp-content\/uploads\/2023\/04\/two-young-beautiful-women-relaxing-enjoying-spa-center.png","width":690,"height":669,"caption":"Masajes para hombres 12"},{"@type":"BreadcrumbList","@id":"https:\/\/varuaspa.co\/producto\/plan-de-amigas-jacuzzi\/#breadcrumb","itemListElement":[{"@type":"ListItem","position":1,"name":"Portada","item":"https:\/\/varuaspa.co\/"},{"@type":"ListItem","position":2,"name":"Tienda","item":"https:\/\/varuaspa.co\/tienda\/"},{"@type":"ListItem","position":3,"name":"Plan de amigas especial"}]},{"@type":"WebSite","@id":"https:\/\/varuaspa.co\/#website","url":"https:\/\/varuaspa.co\/","name":"VARU\u00c1 SPA","description":"Massage, Waxing, facial and more...","publisher":{"@id":"https:\/\/varuaspa.co\/#organization"},"potentialAction":[{"@type":"SearchAction","target":{"@type":"EntryPoint","urlTemplate":"https:\/\/varuaspa.co\/?s={search_term_string}"},"query-input":{"@type":"PropertyValueSpecification","valueRequired":true,"valueName":"search_term_string"}}],"inLanguage":"en-US"},{"@type":"Organization","@id":"https:\/\/varuaspa.co\/#organization","name":"VARU\u00c1 SPA","url":"https:\/\/varuaspa.co\/","logo":{"@type":"ImageObject","inLanguage":"en-US","@id":"https:\/\/varuaspa.co\/#\/schema\/logo\/image\/","url":"https:\/\/varuaspa.co\/wp-content\/uploads\/2024\/06\/cropped-Diseno-sin-titulo-59-1.png","contentUrl":"https:\/\/varuaspa.co\/wp-content\/uploads\/2024\/06\/cropped-Diseno-sin-titulo-59-1.png","width":350,"height":100,"caption":"VARU\u00c1 SPA"},"image":{"@id":"https:\/\/varuaspa.co\/#\/schema\/logo\/image\/"},"sameAs":["https:\/\/www.instagram.com\/varuaspa_la70"]}]}},"_links":{"self":[{"href":"https:\/\/varuaspa.co\/en\/wp-json\/wp\/v2\/product\/1407","targetHints":{"allow":["GET"]}}],"collection":[{"href":"https:\/\/varuaspa.co\/en\/wp-json\/wp\/v2\/product"}],"about":[{"href":"https:\/\/varuaspa.co\/en\/wp-json\/wp\/v2\/types\/product"}],"wp:featuredmedia":[{"embeddable":true,"href":"https:\/\/varuaspa.co\/en\/wp-json\/wp\/v2\/media\/135"}],"wp:attachment":[{"href":"https:\/\/varuaspa.co\/en\/wp-json\/wp\/v2\/media?parent=1407"}],"wp:term":[{"taxonomy":"product_brand","embeddable":true,"href":"https:\/\/varuaspa.co\/en\/wp-json\/wp\/v2\/product_brand?post=1407"},{"taxonomy":"product_cat","embeddable":true,"href":"https:\/\/varuaspa.co\/en\/wp-json\/wp\/v2\/product_cat?post=1407"},{"taxonomy":"product_tag","embeddable":true,"href":"https:\/\/varuaspa.co\/en\/wp-json\/wp\/v2\/product_tag?post=1407"}],"curies":[{"name":"wp","href":"https:\/\/api.w.org\/{rel}","templated":true}]}}