{"id":1082,"date":"2025-03-18T11:00:28","date_gmt":"2025-03-18T16:00:28","guid":{"rendered":"https:\/\/varuaspa.co\/?post_type=product&#038;p=1082"},"modified":"2026-02-10T00:12:04","modified_gmt":"2026-02-10T05:12:04","slug":"plan-en-pareja-romantico","status":"publish","type":"product","link":"https:\/\/varuaspa.co\/en\/product\/plan-en-pareja-romantico\/","title":{"rendered":"Plan en Pareja Rom\u00e1ntico"},"content":{"rendered":"<ul>\n<li><span style=\"font-weight: 400;\">Masaje de relajaci\u00f3n<\/span><\/li>\n<li><span style=\"font-weight: 400;\">Reflexoterapia<\/span><\/li>\n<li><span style=\"font-weight: 400;\">Aromaterapia<\/span><\/li>\n<li><span style=\"font-weight: 400;\">Volcanic Stones<\/span><\/li>\n<li><span style=\"font-weight: 400;\">Mascarilla de hidrataci\u00f3n<\/span><\/li>\n<li><span style=\"font-weight: 400;\">Botella de vino<\/span><\/li>\n<li><span style=\"font-weight: 400;\">Musicoterapia<\/span><\/li>\n<li><span style=\"font-weight: 400;\">Decoraci\u00f3n p\u00e9talos rosas<\/span><\/li>\n<li><span style=\"font-weight: 400;\">Letrero (Mensaje personalizado)<\/span><\/li>\n<li><span style=\"font-weight: 400;\">Snack<\/span><\/li>\n<li><span style=\"font-weight: 400;\">Zona h\u00fameda (Jacuzzi)<\/span><\/li>\n<\/ul>\n<p><span style=\"font-weight: 400;\">(Precio por pareja)<\/span><\/p>\n<p><b>Duraci\u00f3n:<\/b><span style=\"font-weight: 400;\"> 110 minutos (1 hora, 50 minutos)<\/span><\/p>","protected":false},"excerpt":{"rendered":"<p>Masaje de relajaci\u00f3n Reflexoterapia Aromaterapia Piedras volc\u00e1nicas Mascarilla de hidrataci\u00f3n Botella de vino Musicoterapia Decoraci\u00f3n p\u00e9talos rosas Letrero (Mensaje personalizado) Snack Zona h\u00fameda (Jacuzzi) (Precio por pareja) Duraci\u00f3n: 110 minutos (1 hora, 50 minutos)<\/p>","protected":false},"featured_media":134,"template":"","meta":{"_acf_changed":false,"_joinchat":[]},"product_brand":[],"product_cat":[23],"product_tag":[],"class_list":{"0":"post-1082","1":"product","2":"type-product","3":"status-publish","4":"has-post-thumbnail","6":"product_cat-planes","8":"first","9":"instock","10":"virtual","11":"purchasable","12":"product-type-simple"},"acf":[],"yoast_head":"<!-- This site is optimized with the Yoast SEO plugin v27.4 - https:\/\/yoast.com\/product\/yoast-seo-wordpress\/ -->\n<title>Plan en Pareja Rom\u00e1ntico - VARU\u00c1 SPA<\/title>\n<meta name=\"robots\" content=\"index, follow, max-snippet:-1, max-image-preview:large, max-video-preview:-1\" \/>\n<link rel=\"canonical\" href=\"https:\/\/varuaspa.co\/en\/product\/plan-en-pareja-romantico\/\" \/>\n<meta property=\"og:locale\" content=\"en_US\" \/>\n<meta property=\"og:type\" content=\"article\" \/>\n<meta property=\"og:title\" content=\"Plan en Pareja Rom\u00e1ntico - VARU\u00c1 SPA\" \/>\n<meta property=\"og:description\" content=\"Masaje de relajaci\u00f3n Reflexoterapia Aromaterapia Piedras volc\u00e1nicas Mascarilla de hidrataci\u00f3n Botella de vino Musicoterapia Decoraci\u00f3n p\u00e9talos rosas Letrero (Mensaje personalizado) Snack Zona h\u00fameda (Jacuzzi) (Precio por pareja) Duraci\u00f3n: 110 minutos (1 hora, 50 minutos)\" \/>\n<meta property=\"og:url\" content=\"https:\/\/varuaspa.co\/en\/product\/plan-en-pareja-romantico\/\" \/>\n<meta property=\"og:site_name\" content=\"VARU\u00c1 SPA\" \/>\n<meta property=\"article:modified_time\" content=\"2026-02-10T05:12:04+00:00\" \/>\n<meta property=\"og:image\" content=\"https:\/\/varuaspa.co\/wp-content\/uploads\/2023\/04\/beautiful-young-couple-enjoying-hot-tub-spa-centre.png\" \/>\n\t<meta property=\"og:image:width\" content=\"689\" \/>\n\t<meta property=\"og:image:height\" content=\"598\" \/>\n\t<meta property=\"og:image:type\" content=\"image\/png\" \/>\n<meta name=\"twitter:card\" content=\"summary_large_image\" \/>\n<meta name=\"twitter:label1\" content=\"Est. reading time\" \/>\n\t<meta name=\"twitter:data1\" content=\"1 minute\" \/>\n<script type=\"application\/ld+json\" class=\"yoast-schema-graph\">{\"@context\":\"https:\\\/\\\/schema.org\",\"@graph\":[{\"@type\":\"WebPage\",\"@id\":\"https:\\\/\\\/varuaspa.co\\\/producto\\\/plan-en-pareja-romantico\\\/\",\"url\":\"https:\\\/\\\/varuaspa.co\\\/producto\\\/plan-en-pareja-romantico\\\/\",\"name\":\"Plan en Pareja Rom\u00e1ntico - VARU\u00c1 SPA\",\"isPartOf\":{\"@id\":\"https:\\\/\\\/varuaspa.co\\\/#website\"},\"primaryImageOfPage\":{\"@id\":\"https:\\\/\\\/varuaspa.co\\\/producto\\\/plan-en-pareja-romantico\\\/#primaryimage\"},\"image\":{\"@id\":\"https:\\\/\\\/varuaspa.co\\\/producto\\\/plan-en-pareja-romantico\\\/#primaryimage\"},\"thumbnailUrl\":\"https:\\\/\\\/varuaspa.co\\\/wp-content\\\/uploads\\\/2023\\\/04\\\/beautiful-young-couple-enjoying-hot-tub-spa-centre.png\",\"datePublished\":\"2025-03-18T16:00:28+00:00\",\"dateModified\":\"2026-02-10T05:12:04+00:00\",\"breadcrumb\":{\"@id\":\"https:\\\/\\\/varuaspa.co\\\/producto\\\/plan-en-pareja-romantico\\\/#breadcrumb\"},\"inLanguage\":\"en-US\",\"potentialAction\":[{\"@type\":\"ReadAction\",\"target\":[\"https:\\\/\\\/varuaspa.co\\\/producto\\\/plan-en-pareja-romantico\\\/\"]}]},{\"@type\":\"ImageObject\",\"inLanguage\":\"en-US\",\"@id\":\"https:\\\/\\\/varuaspa.co\\\/producto\\\/plan-en-pareja-romantico\\\/#primaryimage\",\"url\":\"https:\\\/\\\/varuaspa.co\\\/wp-content\\\/uploads\\\/2023\\\/04\\\/beautiful-young-couple-enjoying-hot-tub-spa-centre.png\",\"contentUrl\":\"https:\\\/\\\/varuaspa.co\\\/wp-content\\\/uploads\\\/2023\\\/04\\\/beautiful-young-couple-enjoying-hot-tub-spa-centre.png\",\"width\":689,\"height\":598,\"caption\":\"Masajes para hombres 11\"},{\"@type\":\"BreadcrumbList\",\"@id\":\"https:\\\/\\\/varuaspa.co\\\/producto\\\/plan-en-pareja-romantico\\\/#breadcrumb\",\"itemListElement\":[{\"@type\":\"ListItem\",\"position\":1,\"name\":\"Portada\",\"item\":\"https:\\\/\\\/varuaspa.co\\\/\"},{\"@type\":\"ListItem\",\"position\":2,\"name\":\"Tienda\",\"item\":\"https:\\\/\\\/varuaspa.co\\\/tienda\\\/\"},{\"@type\":\"ListItem\",\"position\":3,\"name\":\"Plan en Pareja Rom\u00e1ntico\"}]},{\"@type\":\"WebSite\",\"@id\":\"https:\\\/\\\/varuaspa.co\\\/#website\",\"url\":\"https:\\\/\\\/varuaspa.co\\\/\",\"name\":\"VARU\u00c1 SPA\",\"description\":\"Massage, Waxing, facial and more...\",\"publisher\":{\"@id\":\"https:\\\/\\\/varuaspa.co\\\/#organization\"},\"potentialAction\":[{\"@type\":\"SearchAction\",\"target\":{\"@type\":\"EntryPoint\",\"urlTemplate\":\"https:\\\/\\\/varuaspa.co\\\/?s={search_term_string}\"},\"query-input\":{\"@type\":\"PropertyValueSpecification\",\"valueRequired\":true,\"valueName\":\"search_term_string\"}}],\"inLanguage\":\"en-US\"},{\"@type\":\"Organization\",\"@id\":\"https:\\\/\\\/varuaspa.co\\\/#organization\",\"name\":\"VARU\u00c1 SPA\",\"url\":\"https:\\\/\\\/varuaspa.co\\\/\",\"logo\":{\"@type\":\"ImageObject\",\"inLanguage\":\"en-US\",\"@id\":\"https:\\\/\\\/varuaspa.co\\\/#\\\/schema\\\/logo\\\/image\\\/\",\"url\":\"https:\\\/\\\/varuaspa.co\\\/wp-content\\\/uploads\\\/2024\\\/06\\\/cropped-Diseno-sin-titulo-59-1.png\",\"contentUrl\":\"https:\\\/\\\/varuaspa.co\\\/wp-content\\\/uploads\\\/2024\\\/06\\\/cropped-Diseno-sin-titulo-59-1.png\",\"width\":350,\"height\":100,\"caption\":\"VARU\u00c1 SPA\"},\"image\":{\"@id\":\"https:\\\/\\\/varuaspa.co\\\/#\\\/schema\\\/logo\\\/image\\\/\"},\"sameAs\":[\"https:\\\/\\\/www.instagram.com\\\/varuaspa_la70\"]}]}<\/script>\n<!-- \/ Yoast SEO plugin. -->","yoast_head_json":{"title":"Plan en Pareja Rom\u00e1ntico - VARU\u00c1 SPA","robots":{"index":"index","follow":"follow","max-snippet":"max-snippet:-1","max-image-preview":"max-image-preview:large","max-video-preview":"max-video-preview:-1"},"canonical":"https:\/\/varuaspa.co\/en\/product\/plan-en-pareja-romantico\/","og_locale":"en_US","og_type":"article","og_title":"Plan en Pareja Rom\u00e1ntico - VARU\u00c1 SPA","og_description":"Masaje de relajaci\u00f3n Reflexoterapia Aromaterapia Piedras volc\u00e1nicas Mascarilla de hidrataci\u00f3n Botella de vino Musicoterapia Decoraci\u00f3n p\u00e9talos rosas Letrero (Mensaje personalizado) Snack Zona h\u00fameda (Jacuzzi) (Precio por pareja) Duraci\u00f3n: 110 minutos (1 hora, 50 minutos)","og_url":"https:\/\/varuaspa.co\/en\/product\/plan-en-pareja-romantico\/","og_site_name":"VARU\u00c1 SPA","article_modified_time":"2026-02-10T05:12:04+00:00","og_image":[{"width":689,"height":598,"url":"https:\/\/varuaspa.co\/wp-content\/uploads\/2023\/04\/beautiful-young-couple-enjoying-hot-tub-spa-centre.png","type":"image\/png"}],"twitter_card":"summary_large_image","twitter_misc":{"Est. reading time":"1 minute"},"schema":{"@context":"https:\/\/schema.org","@graph":[{"@type":"WebPage","@id":"https:\/\/varuaspa.co\/producto\/plan-en-pareja-romantico\/","url":"https:\/\/varuaspa.co\/producto\/plan-en-pareja-romantico\/","name":"Plan en Pareja Rom\u00e1ntico - VARU\u00c1 SPA","isPartOf":{"@id":"https:\/\/varuaspa.co\/#website"},"primaryImageOfPage":{"@id":"https:\/\/varuaspa.co\/producto\/plan-en-pareja-romantico\/#primaryimage"},"image":{"@id":"https:\/\/varuaspa.co\/producto\/plan-en-pareja-romantico\/#primaryimage"},"thumbnailUrl":"https:\/\/varuaspa.co\/wp-content\/uploads\/2023\/04\/beautiful-young-couple-enjoying-hot-tub-spa-centre.png","datePublished":"2025-03-18T16:00:28+00:00","dateModified":"2026-02-10T05:12:04+00:00","breadcrumb":{"@id":"https:\/\/varuaspa.co\/producto\/plan-en-pareja-romantico\/#breadcrumb"},"inLanguage":"en-US","potentialAction":[{"@type":"ReadAction","target":["https:\/\/varuaspa.co\/producto\/plan-en-pareja-romantico\/"]}]},{"@type":"ImageObject","inLanguage":"en-US","@id":"https:\/\/varuaspa.co\/producto\/plan-en-pareja-romantico\/#primaryimage","url":"https:\/\/varuaspa.co\/wp-content\/uploads\/2023\/04\/beautiful-young-couple-enjoying-hot-tub-spa-centre.png","contentUrl":"https:\/\/varuaspa.co\/wp-content\/uploads\/2023\/04\/beautiful-young-couple-enjoying-hot-tub-spa-centre.png","width":689,"height":598,"caption":"Masajes para hombres 11"},{"@type":"BreadcrumbList","@id":"https:\/\/varuaspa.co\/producto\/plan-en-pareja-romantico\/#breadcrumb","itemListElement":[{"@type":"ListItem","position":1,"name":"Portada","item":"https:\/\/varuaspa.co\/"},{"@type":"ListItem","position":2,"name":"Tienda","item":"https:\/\/varuaspa.co\/tienda\/"},{"@type":"ListItem","position":3,"name":"Plan en Pareja Rom\u00e1ntico"}]},{"@type":"WebSite","@id":"https:\/\/varuaspa.co\/#website","url":"https:\/\/varuaspa.co\/","name":"VARU\u00c1 SPA","description":"Massage, Waxing, facial and more...","publisher":{"@id":"https:\/\/varuaspa.co\/#organization"},"potentialAction":[{"@type":"SearchAction","target":{"@type":"EntryPoint","urlTemplate":"https:\/\/varuaspa.co\/?s={search_term_string}"},"query-input":{"@type":"PropertyValueSpecification","valueRequired":true,"valueName":"search_term_string"}}],"inLanguage":"en-US"},{"@type":"Organization","@id":"https:\/\/varuaspa.co\/#organization","name":"VARU\u00c1 SPA","url":"https:\/\/varuaspa.co\/","logo":{"@type":"ImageObject","inLanguage":"en-US","@id":"https:\/\/varuaspa.co\/#\/schema\/logo\/image\/","url":"https:\/\/varuaspa.co\/wp-content\/uploads\/2024\/06\/cropped-Diseno-sin-titulo-59-1.png","contentUrl":"https:\/\/varuaspa.co\/wp-content\/uploads\/2024\/06\/cropped-Diseno-sin-titulo-59-1.png","width":350,"height":100,"caption":"VARU\u00c1 SPA"},"image":{"@id":"https:\/\/varuaspa.co\/#\/schema\/logo\/image\/"},"sameAs":["https:\/\/www.instagram.com\/varuaspa_la70"]}]}},"_links":{"self":[{"href":"https:\/\/varuaspa.co\/en\/wp-json\/wp\/v2\/product\/1082","targetHints":{"allow":["GET"]}}],"collection":[{"href":"https:\/\/varuaspa.co\/en\/wp-json\/wp\/v2\/product"}],"about":[{"href":"https:\/\/varuaspa.co\/en\/wp-json\/wp\/v2\/types\/product"}],"wp:featuredmedia":[{"embeddable":true,"href":"https:\/\/varuaspa.co\/en\/wp-json\/wp\/v2\/media\/134"}],"wp:attachment":[{"href":"https:\/\/varuaspa.co\/en\/wp-json\/wp\/v2\/media?parent=1082"}],"wp:term":[{"taxonomy":"product_brand","embeddable":true,"href":"https:\/\/varuaspa.co\/en\/wp-json\/wp\/v2\/product_brand?post=1082"},{"taxonomy":"product_cat","embeddable":true,"href":"https:\/\/varuaspa.co\/en\/wp-json\/wp\/v2\/product_cat?post=1082"},{"taxonomy":"product_tag","embeddable":true,"href":"https:\/\/varuaspa.co\/en\/wp-json\/wp\/v2\/product_tag?post=1082"}],"curies":[{"name":"wp","href":"https:\/\/api.w.org\/{rel}","templated":true}]}}