{"id":1079,"date":"2025-03-18T10:55:51","date_gmt":"2025-03-18T15:55:51","guid":{"rendered":"https:\/\/varuaspa.co\/?post_type=product&#038;p=1079"},"modified":"2026-02-10T00:30:15","modified_gmt":"2026-02-10T05:30:15","slug":"masaje-doble-sensacion","status":"publish","type":"product","link":"https:\/\/varuaspa.co\/en\/product\/masaje-doble-sensacion\/","title":{"rendered":"Masaje doble sensaci\u00f3n."},"content":{"rendered":"<p>Es una t\u00e9cnica en la que dos terapeutas trabajan al mismo tiempo sincronizando sus movimientos para ofrecer una experiencia relajante y envolvente.<\/p>","protected":false},"excerpt":{"rendered":"<p>Es una t\u00e9cnica en la que dos terapeutas trabajan al mismo tiempo sincronizando sus movimientos para ofrecer una experiencia relajante y envolvente.<\/p>","protected":false},"featured_media":1561,"template":"","meta":{"_acf_changed":false,"_joinchat":[]},"product_brand":[],"product_cat":[22],"product_tag":[],"class_list":{"0":"post-1079","1":"product","2":"type-product","3":"status-publish","4":"has-post-thumbnail","6":"product_cat-masajes","8":"first","9":"instock","10":"virtual","11":"purchasable","12":"product-type-simple"},"acf":[],"yoast_head":"<!-- This site is optimized with the Yoast SEO plugin v27.4 - https:\/\/yoast.com\/product\/yoast-seo-wordpress\/ -->\n<title>Masaje doble sensaci\u00f3n. - VARU\u00c1 SPA<\/title>\n<meta name=\"robots\" content=\"index, follow, max-snippet:-1, max-image-preview:large, max-video-preview:-1\" \/>\n<link rel=\"canonical\" href=\"https:\/\/varuaspa.co\/en\/product\/masaje-doble-sensacion\/\" \/>\n<meta property=\"og:locale\" content=\"en_US\" \/>\n<meta property=\"og:type\" content=\"article\" \/>\n<meta property=\"og:title\" content=\"Masaje doble sensaci\u00f3n. - VARU\u00c1 SPA\" \/>\n<meta property=\"og:description\" content=\"Es una t\u00e9cnica en la que dos terapeutas trabajan al mismo tiempo sincronizando sus movimientos para ofrecer una experiencia relajante y envolvente.\" \/>\n<meta property=\"og:url\" content=\"https:\/\/varuaspa.co\/en\/product\/masaje-doble-sensacion\/\" \/>\n<meta property=\"og:site_name\" content=\"VARU\u00c1 SPA\" \/>\n<meta property=\"article:modified_time\" content=\"2026-02-10T05:30:15+00:00\" \/>\n<meta property=\"og:image\" content=\"https:\/\/varuaspa.co\/wp-content\/uploads\/2025\/10\/20250927_114740-min-scaled.jpg\" \/>\n\t<meta property=\"og:image:width\" content=\"2560\" \/>\n\t<meta property=\"og:image:height\" content=\"2102\" \/>\n\t<meta property=\"og:image:type\" content=\"image\/jpeg\" \/>\n<meta name=\"twitter:card\" content=\"summary_large_image\" \/>\n<meta name=\"twitter:label1\" content=\"Est. reading time\" \/>\n\t<meta name=\"twitter:data1\" content=\"1 minute\" \/>\n<script type=\"application\/ld+json\" class=\"yoast-schema-graph\">{\"@context\":\"https:\\\/\\\/schema.org\",\"@graph\":[{\"@type\":\"WebPage\",\"@id\":\"https:\\\/\\\/varuaspa.co\\\/producto\\\/masaje-doble-sensacion\\\/\",\"url\":\"https:\\\/\\\/varuaspa.co\\\/producto\\\/masaje-doble-sensacion\\\/\",\"name\":\"Masaje doble sensaci\u00f3n. - VARU\u00c1 SPA\",\"isPartOf\":{\"@id\":\"https:\\\/\\\/varuaspa.co\\\/#website\"},\"primaryImageOfPage\":{\"@id\":\"https:\\\/\\\/varuaspa.co\\\/producto\\\/masaje-doble-sensacion\\\/#primaryimage\"},\"image\":{\"@id\":\"https:\\\/\\\/varuaspa.co\\\/producto\\\/masaje-doble-sensacion\\\/#primaryimage\"},\"thumbnailUrl\":\"https:\\\/\\\/varuaspa.co\\\/wp-content\\\/uploads\\\/2025\\\/10\\\/20250927_114740-min-scaled.jpg\",\"datePublished\":\"2025-03-18T15:55:51+00:00\",\"dateModified\":\"2026-02-10T05:30:15+00:00\",\"breadcrumb\":{\"@id\":\"https:\\\/\\\/varuaspa.co\\\/producto\\\/masaje-doble-sensacion\\\/#breadcrumb\"},\"inLanguage\":\"en-US\",\"potentialAction\":[{\"@type\":\"ReadAction\",\"target\":[\"https:\\\/\\\/varuaspa.co\\\/producto\\\/masaje-doble-sensacion\\\/\"]}]},{\"@type\":\"ImageObject\",\"inLanguage\":\"en-US\",\"@id\":\"https:\\\/\\\/varuaspa.co\\\/producto\\\/masaje-doble-sensacion\\\/#primaryimage\",\"url\":\"https:\\\/\\\/varuaspa.co\\\/wp-content\\\/uploads\\\/2025\\\/10\\\/20250927_114740-min-scaled.jpg\",\"contentUrl\":\"https:\\\/\\\/varuaspa.co\\\/wp-content\\\/uploads\\\/2025\\\/10\\\/20250927_114740-min-scaled.jpg\",\"width\":2560,\"height\":2102},{\"@type\":\"BreadcrumbList\",\"@id\":\"https:\\\/\\\/varuaspa.co\\\/producto\\\/masaje-doble-sensacion\\\/#breadcrumb\",\"itemListElement\":[{\"@type\":\"ListItem\",\"position\":1,\"name\":\"Portada\",\"item\":\"https:\\\/\\\/varuaspa.co\\\/\"},{\"@type\":\"ListItem\",\"position\":2,\"name\":\"Tienda\",\"item\":\"https:\\\/\\\/varuaspa.co\\\/tienda\\\/\"},{\"@type\":\"ListItem\",\"position\":3,\"name\":\"Masaje doble sensaci\u00f3n.\"}]},{\"@type\":\"WebSite\",\"@id\":\"https:\\\/\\\/varuaspa.co\\\/#website\",\"url\":\"https:\\\/\\\/varuaspa.co\\\/\",\"name\":\"VARU\u00c1 SPA\",\"description\":\"Massage, Waxing, facial and more...\",\"publisher\":{\"@id\":\"https:\\\/\\\/varuaspa.co\\\/#organization\"},\"potentialAction\":[{\"@type\":\"SearchAction\",\"target\":{\"@type\":\"EntryPoint\",\"urlTemplate\":\"https:\\\/\\\/varuaspa.co\\\/?s={search_term_string}\"},\"query-input\":{\"@type\":\"PropertyValueSpecification\",\"valueRequired\":true,\"valueName\":\"search_term_string\"}}],\"inLanguage\":\"en-US\"},{\"@type\":\"Organization\",\"@id\":\"https:\\\/\\\/varuaspa.co\\\/#organization\",\"name\":\"VARU\u00c1 SPA\",\"url\":\"https:\\\/\\\/varuaspa.co\\\/\",\"logo\":{\"@type\":\"ImageObject\",\"inLanguage\":\"en-US\",\"@id\":\"https:\\\/\\\/varuaspa.co\\\/#\\\/schema\\\/logo\\\/image\\\/\",\"url\":\"https:\\\/\\\/varuaspa.co\\\/wp-content\\\/uploads\\\/2024\\\/06\\\/cropped-Diseno-sin-titulo-59-1.png\",\"contentUrl\":\"https:\\\/\\\/varuaspa.co\\\/wp-content\\\/uploads\\\/2024\\\/06\\\/cropped-Diseno-sin-titulo-59-1.png\",\"width\":350,\"height\":100,\"caption\":\"VARU\u00c1 SPA\"},\"image\":{\"@id\":\"https:\\\/\\\/varuaspa.co\\\/#\\\/schema\\\/logo\\\/image\\\/\"},\"sameAs\":[\"https:\\\/\\\/www.instagram.com\\\/varuaspa_la70\"]}]}<\/script>\n<!-- \/ Yoast SEO plugin. -->","yoast_head_json":{"title":"Masaje doble sensaci\u00f3n. - VARU\u00c1 SPA","robots":{"index":"index","follow":"follow","max-snippet":"max-snippet:-1","max-image-preview":"max-image-preview:large","max-video-preview":"max-video-preview:-1"},"canonical":"https:\/\/varuaspa.co\/en\/product\/masaje-doble-sensacion\/","og_locale":"en_US","og_type":"article","og_title":"Masaje doble sensaci\u00f3n. - VARU\u00c1 SPA","og_description":"Es una t\u00e9cnica en la que dos terapeutas trabajan al mismo tiempo sincronizando sus movimientos para ofrecer una experiencia relajante y envolvente.","og_url":"https:\/\/varuaspa.co\/en\/product\/masaje-doble-sensacion\/","og_site_name":"VARU\u00c1 SPA","article_modified_time":"2026-02-10T05:30:15+00:00","og_image":[{"width":2560,"height":2102,"url":"https:\/\/varuaspa.co\/wp-content\/uploads\/2025\/10\/20250927_114740-min-scaled.jpg","type":"image\/jpeg"}],"twitter_card":"summary_large_image","twitter_misc":{"Est. reading time":"1 minute"},"schema":{"@context":"https:\/\/schema.org","@graph":[{"@type":"WebPage","@id":"https:\/\/varuaspa.co\/producto\/masaje-doble-sensacion\/","url":"https:\/\/varuaspa.co\/producto\/masaje-doble-sensacion\/","name":"Masaje doble sensaci\u00f3n. - VARU\u00c1 SPA","isPartOf":{"@id":"https:\/\/varuaspa.co\/#website"},"primaryImageOfPage":{"@id":"https:\/\/varuaspa.co\/producto\/masaje-doble-sensacion\/#primaryimage"},"image":{"@id":"https:\/\/varuaspa.co\/producto\/masaje-doble-sensacion\/#primaryimage"},"thumbnailUrl":"https:\/\/varuaspa.co\/wp-content\/uploads\/2025\/10\/20250927_114740-min-scaled.jpg","datePublished":"2025-03-18T15:55:51+00:00","dateModified":"2026-02-10T05:30:15+00:00","breadcrumb":{"@id":"https:\/\/varuaspa.co\/producto\/masaje-doble-sensacion\/#breadcrumb"},"inLanguage":"en-US","potentialAction":[{"@type":"ReadAction","target":["https:\/\/varuaspa.co\/producto\/masaje-doble-sensacion\/"]}]},{"@type":"ImageObject","inLanguage":"en-US","@id":"https:\/\/varuaspa.co\/producto\/masaje-doble-sensacion\/#primaryimage","url":"https:\/\/varuaspa.co\/wp-content\/uploads\/2025\/10\/20250927_114740-min-scaled.jpg","contentUrl":"https:\/\/varuaspa.co\/wp-content\/uploads\/2025\/10\/20250927_114740-min-scaled.jpg","width":2560,"height":2102},{"@type":"BreadcrumbList","@id":"https:\/\/varuaspa.co\/producto\/masaje-doble-sensacion\/#breadcrumb","itemListElement":[{"@type":"ListItem","position":1,"name":"Portada","item":"https:\/\/varuaspa.co\/"},{"@type":"ListItem","position":2,"name":"Tienda","item":"https:\/\/varuaspa.co\/tienda\/"},{"@type":"ListItem","position":3,"name":"Masaje doble sensaci\u00f3n."}]},{"@type":"WebSite","@id":"https:\/\/varuaspa.co\/#website","url":"https:\/\/varuaspa.co\/","name":"VARU\u00c1 SPA","description":"Massage, Waxing, facial and more...","publisher":{"@id":"https:\/\/varuaspa.co\/#organization"},"potentialAction":[{"@type":"SearchAction","target":{"@type":"EntryPoint","urlTemplate":"https:\/\/varuaspa.co\/?s={search_term_string}"},"query-input":{"@type":"PropertyValueSpecification","valueRequired":true,"valueName":"search_term_string"}}],"inLanguage":"en-US"},{"@type":"Organization","@id":"https:\/\/varuaspa.co\/#organization","name":"VARU\u00c1 SPA","url":"https:\/\/varuaspa.co\/","logo":{"@type":"ImageObject","inLanguage":"en-US","@id":"https:\/\/varuaspa.co\/#\/schema\/logo\/image\/","url":"https:\/\/varuaspa.co\/wp-content\/uploads\/2024\/06\/cropped-Diseno-sin-titulo-59-1.png","contentUrl":"https:\/\/varuaspa.co\/wp-content\/uploads\/2024\/06\/cropped-Diseno-sin-titulo-59-1.png","width":350,"height":100,"caption":"VARU\u00c1 SPA"},"image":{"@id":"https:\/\/varuaspa.co\/#\/schema\/logo\/image\/"},"sameAs":["https:\/\/www.instagram.com\/varuaspa_la70"]}]}},"_links":{"self":[{"href":"https:\/\/varuaspa.co\/en\/wp-json\/wp\/v2\/product\/1079","targetHints":{"allow":["GET"]}}],"collection":[{"href":"https:\/\/varuaspa.co\/en\/wp-json\/wp\/v2\/product"}],"about":[{"href":"https:\/\/varuaspa.co\/en\/wp-json\/wp\/v2\/types\/product"}],"wp:featuredmedia":[{"embeddable":true,"href":"https:\/\/varuaspa.co\/en\/wp-json\/wp\/v2\/media\/1561"}],"wp:attachment":[{"href":"https:\/\/varuaspa.co\/en\/wp-json\/wp\/v2\/media?parent=1079"}],"wp:term":[{"taxonomy":"product_brand","embeddable":true,"href":"https:\/\/varuaspa.co\/en\/wp-json\/wp\/v2\/product_brand?post=1079"},{"taxonomy":"product_cat","embeddable":true,"href":"https:\/\/varuaspa.co\/en\/wp-json\/wp\/v2\/product_cat?post=1079"},{"taxonomy":"product_tag","embeddable":true,"href":"https:\/\/varuaspa.co\/en\/wp-json\/wp\/v2\/product_tag?post=1079"}],"curies":[{"name":"wp","href":"https:\/\/api.w.org\/{rel}","templated":true}]}}