{"id":1071,"date":"2025-03-18T10:48:12","date_gmt":"2025-03-18T15:48:12","guid":{"rendered":"https:\/\/varuaspa.co\/?post_type=product&#038;p=1071"},"modified":"2026-02-10T00:33:59","modified_gmt":"2026-02-10T05:33:59","slug":"exfoliacion-e-hidratacion-corporal-chocolaterapia-o-vinoterapia","status":"publish","type":"product","link":"https:\/\/varuaspa.co\/en\/product\/exfoliacion-e-hidratacion-corporal-chocolaterapia-o-vinoterapia\/","title":{"rendered":"Exfoliaci\u00f3n e Hidrataci\u00f3n corporal + Chocolaterapia o Vinoterapia"},"content":{"rendered":"","protected":false},"excerpt":{"rendered":"","protected":false},"featured_media":173,"template":"","meta":{"_acf_changed":false,"_joinchat":[]},"product_brand":[],"product_cat":[21],"product_tag":[],"class_list":{"0":"post-1071","1":"product","2":"type-product","3":"status-publish","4":"has-post-thumbnail","6":"product_cat-tratamientos-corporales","8":"first","9":"instock","10":"shipping-taxable","11":"purchasable","12":"product-type-simple"},"acf":[],"yoast_head":"<!-- This site is optimized with the Yoast SEO plugin v27.4 - https:\/\/yoast.com\/product\/yoast-seo-wordpress\/ -->\n<title>Exfoliaci\u00f3n e Hidrataci\u00f3n corporal + Chocolaterapia o Vinoterapia - VARU\u00c1 SPA<\/title>\n<meta name=\"robots\" content=\"index, follow, max-snippet:-1, max-image-preview:large, max-video-preview:-1\" \/>\n<link rel=\"canonical\" href=\"https:\/\/varuaspa.co\/en\/product\/exfoliacion-e-hidratacion-corporal-chocolaterapia-o-vinoterapia\/\" \/>\n<meta property=\"og:locale\" content=\"en_US\" \/>\n<meta property=\"og:type\" content=\"article\" \/>\n<meta property=\"og:title\" content=\"Exfoliaci\u00f3n e Hidrataci\u00f3n corporal + Chocolaterapia o Vinoterapia - VARU\u00c1 SPA\" \/>\n<meta property=\"og:url\" content=\"https:\/\/varuaspa.co\/en\/product\/exfoliacion-e-hidratacion-corporal-chocolaterapia-o-vinoterapia\/\" \/>\n<meta property=\"og:site_name\" content=\"VARU\u00c1 SPA\" \/>\n<meta property=\"article:modified_time\" content=\"2026-02-10T05:33:59+00:00\" \/>\n<meta property=\"og:image\" content=\"https:\/\/varuaspa.co\/wp-content\/uploads\/2023\/04\/beautiful-young-woman-relaxing-with-massage-beauty-spa-min.png\" \/>\n\t<meta property=\"og:image:width\" content=\"1022\" \/>\n\t<meta property=\"og:image:height\" content=\"907\" \/>\n\t<meta property=\"og:image:type\" content=\"image\/png\" \/>\n<meta name=\"twitter:card\" content=\"summary_large_image\" \/>\n<meta name=\"twitter:label1\" content=\"Est. reading time\" \/>\n\t<meta name=\"twitter:data1\" content=\"1 minute\" \/>\n<script type=\"application\/ld+json\" class=\"yoast-schema-graph\">{\"@context\":\"https:\\\/\\\/schema.org\",\"@graph\":[{\"@type\":\"WebPage\",\"@id\":\"https:\\\/\\\/varuaspa.co\\\/producto\\\/exfoliacion-e-hidratacion-corporal-chocolaterapia-o-vinoterapia\\\/\",\"url\":\"https:\\\/\\\/varuaspa.co\\\/producto\\\/exfoliacion-e-hidratacion-corporal-chocolaterapia-o-vinoterapia\\\/\",\"name\":\"Exfoliaci\u00f3n e Hidrataci\u00f3n corporal + Chocolaterapia o Vinoterapia - VARU\u00c1 SPA\",\"isPartOf\":{\"@id\":\"https:\\\/\\\/varuaspa.co\\\/#website\"},\"primaryImageOfPage\":{\"@id\":\"https:\\\/\\\/varuaspa.co\\\/producto\\\/exfoliacion-e-hidratacion-corporal-chocolaterapia-o-vinoterapia\\\/#primaryimage\"},\"image\":{\"@id\":\"https:\\\/\\\/varuaspa.co\\\/producto\\\/exfoliacion-e-hidratacion-corporal-chocolaterapia-o-vinoterapia\\\/#primaryimage\"},\"thumbnailUrl\":\"https:\\\/\\\/varuaspa.co\\\/wp-content\\\/uploads\\\/2023\\\/04\\\/beautiful-young-woman-relaxing-with-massage-beauty-spa-min.png\",\"datePublished\":\"2025-03-18T15:48:12+00:00\",\"dateModified\":\"2026-02-10T05:33:59+00:00\",\"breadcrumb\":{\"@id\":\"https:\\\/\\\/varuaspa.co\\\/producto\\\/exfoliacion-e-hidratacion-corporal-chocolaterapia-o-vinoterapia\\\/#breadcrumb\"},\"inLanguage\":\"en-US\",\"potentialAction\":[{\"@type\":\"ReadAction\",\"target\":[\"https:\\\/\\\/varuaspa.co\\\/producto\\\/exfoliacion-e-hidratacion-corporal-chocolaterapia-o-vinoterapia\\\/\"]}]},{\"@type\":\"ImageObject\",\"inLanguage\":\"en-US\",\"@id\":\"https:\\\/\\\/varuaspa.co\\\/producto\\\/exfoliacion-e-hidratacion-corporal-chocolaterapia-o-vinoterapia\\\/#primaryimage\",\"url\":\"https:\\\/\\\/varuaspa.co\\\/wp-content\\\/uploads\\\/2023\\\/04\\\/beautiful-young-woman-relaxing-with-massage-beauty-spa-min.png\",\"contentUrl\":\"https:\\\/\\\/varuaspa.co\\\/wp-content\\\/uploads\\\/2023\\\/04\\\/beautiful-young-woman-relaxing-with-massage-beauty-spa-min.png\",\"width\":1022,\"height\":907},{\"@type\":\"BreadcrumbList\",\"@id\":\"https:\\\/\\\/varuaspa.co\\\/producto\\\/exfoliacion-e-hidratacion-corporal-chocolaterapia-o-vinoterapia\\\/#breadcrumb\",\"itemListElement\":[{\"@type\":\"ListItem\",\"position\":1,\"name\":\"Portada\",\"item\":\"https:\\\/\\\/varuaspa.co\\\/\"},{\"@type\":\"ListItem\",\"position\":2,\"name\":\"Tienda\",\"item\":\"https:\\\/\\\/varuaspa.co\\\/tienda\\\/\"},{\"@type\":\"ListItem\",\"position\":3,\"name\":\"Exfoliaci\u00f3n e Hidrataci\u00f3n corporal + Chocolaterapia o Vinoterapia\"}]},{\"@type\":\"WebSite\",\"@id\":\"https:\\\/\\\/varuaspa.co\\\/#website\",\"url\":\"https:\\\/\\\/varuaspa.co\\\/\",\"name\":\"VARU\u00c1 SPA\",\"description\":\"Massage, Waxing, facial and more...\",\"publisher\":{\"@id\":\"https:\\\/\\\/varuaspa.co\\\/#organization\"},\"potentialAction\":[{\"@type\":\"SearchAction\",\"target\":{\"@type\":\"EntryPoint\",\"urlTemplate\":\"https:\\\/\\\/varuaspa.co\\\/?s={search_term_string}\"},\"query-input\":{\"@type\":\"PropertyValueSpecification\",\"valueRequired\":true,\"valueName\":\"search_term_string\"}}],\"inLanguage\":\"en-US\"},{\"@type\":\"Organization\",\"@id\":\"https:\\\/\\\/varuaspa.co\\\/#organization\",\"name\":\"VARU\u00c1 SPA\",\"url\":\"https:\\\/\\\/varuaspa.co\\\/\",\"logo\":{\"@type\":\"ImageObject\",\"inLanguage\":\"en-US\",\"@id\":\"https:\\\/\\\/varuaspa.co\\\/#\\\/schema\\\/logo\\\/image\\\/\",\"url\":\"https:\\\/\\\/varuaspa.co\\\/wp-content\\\/uploads\\\/2024\\\/06\\\/cropped-Diseno-sin-titulo-59-1.png\",\"contentUrl\":\"https:\\\/\\\/varuaspa.co\\\/wp-content\\\/uploads\\\/2024\\\/06\\\/cropped-Diseno-sin-titulo-59-1.png\",\"width\":350,\"height\":100,\"caption\":\"VARU\u00c1 SPA\"},\"image\":{\"@id\":\"https:\\\/\\\/varuaspa.co\\\/#\\\/schema\\\/logo\\\/image\\\/\"},\"sameAs\":[\"https:\\\/\\\/www.instagram.com\\\/varuaspa_la70\"]}]}<\/script>\n<!-- \/ Yoast SEO plugin. -->","yoast_head_json":{"title":"Exfoliaci\u00f3n e Hidrataci\u00f3n corporal + Chocolaterapia o Vinoterapia - VARU\u00c1 SPA","robots":{"index":"index","follow":"follow","max-snippet":"max-snippet:-1","max-image-preview":"max-image-preview:large","max-video-preview":"max-video-preview:-1"},"canonical":"https:\/\/varuaspa.co\/en\/product\/exfoliacion-e-hidratacion-corporal-chocolaterapia-o-vinoterapia\/","og_locale":"en_US","og_type":"article","og_title":"Exfoliaci\u00f3n e Hidrataci\u00f3n corporal + Chocolaterapia o Vinoterapia - VARU\u00c1 SPA","og_url":"https:\/\/varuaspa.co\/en\/product\/exfoliacion-e-hidratacion-corporal-chocolaterapia-o-vinoterapia\/","og_site_name":"VARU\u00c1 SPA","article_modified_time":"2026-02-10T05:33:59+00:00","og_image":[{"width":1022,"height":907,"url":"https:\/\/varuaspa.co\/wp-content\/uploads\/2023\/04\/beautiful-young-woman-relaxing-with-massage-beauty-spa-min.png","type":"image\/png"}],"twitter_card":"summary_large_image","twitter_misc":{"Est. reading time":"1 minute"},"schema":{"@context":"https:\/\/schema.org","@graph":[{"@type":"WebPage","@id":"https:\/\/varuaspa.co\/producto\/exfoliacion-e-hidratacion-corporal-chocolaterapia-o-vinoterapia\/","url":"https:\/\/varuaspa.co\/producto\/exfoliacion-e-hidratacion-corporal-chocolaterapia-o-vinoterapia\/","name":"Exfoliaci\u00f3n e Hidrataci\u00f3n corporal + Chocolaterapia o Vinoterapia - VARU\u00c1 SPA","isPartOf":{"@id":"https:\/\/varuaspa.co\/#website"},"primaryImageOfPage":{"@id":"https:\/\/varuaspa.co\/producto\/exfoliacion-e-hidratacion-corporal-chocolaterapia-o-vinoterapia\/#primaryimage"},"image":{"@id":"https:\/\/varuaspa.co\/producto\/exfoliacion-e-hidratacion-corporal-chocolaterapia-o-vinoterapia\/#primaryimage"},"thumbnailUrl":"https:\/\/varuaspa.co\/wp-content\/uploads\/2023\/04\/beautiful-young-woman-relaxing-with-massage-beauty-spa-min.png","datePublished":"2025-03-18T15:48:12+00:00","dateModified":"2026-02-10T05:33:59+00:00","breadcrumb":{"@id":"https:\/\/varuaspa.co\/producto\/exfoliacion-e-hidratacion-corporal-chocolaterapia-o-vinoterapia\/#breadcrumb"},"inLanguage":"en-US","potentialAction":[{"@type":"ReadAction","target":["https:\/\/varuaspa.co\/producto\/exfoliacion-e-hidratacion-corporal-chocolaterapia-o-vinoterapia\/"]}]},{"@type":"ImageObject","inLanguage":"en-US","@id":"https:\/\/varuaspa.co\/producto\/exfoliacion-e-hidratacion-corporal-chocolaterapia-o-vinoterapia\/#primaryimage","url":"https:\/\/varuaspa.co\/wp-content\/uploads\/2023\/04\/beautiful-young-woman-relaxing-with-massage-beauty-spa-min.png","contentUrl":"https:\/\/varuaspa.co\/wp-content\/uploads\/2023\/04\/beautiful-young-woman-relaxing-with-massage-beauty-spa-min.png","width":1022,"height":907},{"@type":"BreadcrumbList","@id":"https:\/\/varuaspa.co\/producto\/exfoliacion-e-hidratacion-corporal-chocolaterapia-o-vinoterapia\/#breadcrumb","itemListElement":[{"@type":"ListItem","position":1,"name":"Portada","item":"https:\/\/varuaspa.co\/"},{"@type":"ListItem","position":2,"name":"Tienda","item":"https:\/\/varuaspa.co\/tienda\/"},{"@type":"ListItem","position":3,"name":"Exfoliaci\u00f3n e Hidrataci\u00f3n corporal + Chocolaterapia o Vinoterapia"}]},{"@type":"WebSite","@id":"https:\/\/varuaspa.co\/#website","url":"https:\/\/varuaspa.co\/","name":"VARU\u00c1 SPA","description":"Massage, Waxing, facial and more...","publisher":{"@id":"https:\/\/varuaspa.co\/#organization"},"potentialAction":[{"@type":"SearchAction","target":{"@type":"EntryPoint","urlTemplate":"https:\/\/varuaspa.co\/?s={search_term_string}"},"query-input":{"@type":"PropertyValueSpecification","valueRequired":true,"valueName":"search_term_string"}}],"inLanguage":"en-US"},{"@type":"Organization","@id":"https:\/\/varuaspa.co\/#organization","name":"VARU\u00c1 SPA","url":"https:\/\/varuaspa.co\/","logo":{"@type":"ImageObject","inLanguage":"en-US","@id":"https:\/\/varuaspa.co\/#\/schema\/logo\/image\/","url":"https:\/\/varuaspa.co\/wp-content\/uploads\/2024\/06\/cropped-Diseno-sin-titulo-59-1.png","contentUrl":"https:\/\/varuaspa.co\/wp-content\/uploads\/2024\/06\/cropped-Diseno-sin-titulo-59-1.png","width":350,"height":100,"caption":"VARU\u00c1 SPA"},"image":{"@id":"https:\/\/varuaspa.co\/#\/schema\/logo\/image\/"},"sameAs":["https:\/\/www.instagram.com\/varuaspa_la70"]}]}},"_links":{"self":[{"href":"https:\/\/varuaspa.co\/en\/wp-json\/wp\/v2\/product\/1071","targetHints":{"allow":["GET"]}}],"collection":[{"href":"https:\/\/varuaspa.co\/en\/wp-json\/wp\/v2\/product"}],"about":[{"href":"https:\/\/varuaspa.co\/en\/wp-json\/wp\/v2\/types\/product"}],"wp:featuredmedia":[{"embeddable":true,"href":"https:\/\/varuaspa.co\/en\/wp-json\/wp\/v2\/media\/173"}],"wp:attachment":[{"href":"https:\/\/varuaspa.co\/en\/wp-json\/wp\/v2\/media?parent=1071"}],"wp:term":[{"taxonomy":"product_brand","embeddable":true,"href":"https:\/\/varuaspa.co\/en\/wp-json\/wp\/v2\/product_brand?post=1071"},{"taxonomy":"product_cat","embeddable":true,"href":"https:\/\/varuaspa.co\/en\/wp-json\/wp\/v2\/product_cat?post=1071"},{"taxonomy":"product_tag","embeddable":true,"href":"https:\/\/varuaspa.co\/en\/wp-json\/wp\/v2\/product_tag?post=1071"}],"curies":[{"name":"wp","href":"https:\/\/api.w.org\/{rel}","templated":true}]}}